{"id":59924,"date":"2022-05-12T10:17:32","date_gmt":"2022-05-12T10:17:32","guid":{"rendered":"https:\/\/klettwl.ca\/?page_id=59924"},"modified":"2024-04-16T22:08:59","modified_gmt":"2024-04-16T22:08:59","slug":"declaration-daccessibilite","status":"publish","type":"page","link":"https:\/\/klettwl.ca\/fr\/declaration-daccessibilite\/","title":{"rendered":"D\u00e9claration d&rsquo;accessibilit\u00e9"},"content":{"rendered":"\t\t<div data-elementor-type=\"wp-page\" data-elementor-id=\"59924\" class=\"elementor elementor-59924 elementor-7995\" data-elementor-post-type=\"page\">\n\t\t\t\t\t\t<section class=\"ob-is-breaking-bad elementor-section elementor-top-section elementor-element elementor-element-7e6540f qodef-elementor-content-grid elementor-section-boxed elementor-section-height-default elementor-section-height-default\" data-id=\"7e6540f\" data-element_type=\"section\" data-e-type=\"section\" data-settings=\"{&quot;background_background&quot;:&quot;classic&quot;,&quot;_ob_bbad_use_it&quot;:&quot;yes&quot;,&quot;_ob_bbad_sssic_use&quot;:&quot;no&quot;,&quot;_ob_glider_is_slider&quot;:&quot;no&quot;}\">\n\t\t\t\t\t\t\t<div class=\"elementor-background-overlay\"><\/div>\n\t\t\t\t\t\t\t<div class=\"elementor-container elementor-column-gap-extended\">\n\t\t\t\t\t<div class=\"elementor-column elementor-col-100 elementor-top-column elementor-element elementor-element-06a6398\" data-id=\"06a6398\" data-element_type=\"column\" data-e-type=\"column\" data-settings=\"{&quot;_ob_bbad_is_stalker&quot;:&quot;no&quot;,&quot;_ob_teleporter_use&quot;:false,&quot;_ob_column_hoveranimator&quot;:&quot;no&quot;,&quot;_ob_column_has_pseudo&quot;:&quot;no&quot;}\">\n\t\t\t<div class=\"elementor-widget-wrap elementor-element-populated\">\n\t\t\t\t\t\t<div class=\"elementor-element elementor-element-1518dad ob-harakiri-inherit ob-has-background-overlay elementor-widget elementor-widget-text-editor\" data-id=\"1518dad\" data-element_type=\"widget\" data-e-type=\"widget\" data-settings=\"{&quot;_ob_use_harakiri&quot;:&quot;yes&quot;,&quot;_ob_harakiri_writing_mode&quot;:&quot;inherit&quot;,&quot;_ob_postman_use&quot;:&quot;no&quot;,&quot;_ob_perspektive_use&quot;:&quot;no&quot;,&quot;_ob_poopart_use&quot;:&quot;yes&quot;,&quot;_ob_shadough_use&quot;:&quot;no&quot;,&quot;_ob_allow_hoveranimator&quot;:&quot;no&quot;,&quot;_ob_widget_stalker_use&quot;:&quot;no&quot;}\" data-widget_type=\"text-editor.default\">\n\t\t\t\t<div class=\"elementor-widget-container\">\n\t\t\t\t\t\t\t\t\t<p><span style=\"color: #ffffff;\"><a style=\"color: #ffffff;\" href=\"\/\">Accueil<\/a> \/ Pourquoi nous \/ <strong>D\u00e9claration d&rsquo;accessibilit\u00e9\u00a0<\/strong><\/span><\/p>\t\t\t\t\t\t\t\t<\/div>\n\t\t\t\t<\/div>\n\t\t\t\t<section class=\"ob-is-breaking-bad ob-bb-inner elementor-section elementor-inner-section elementor-element elementor-element-00a65a2 elementor-section-full_width elementor-section-height-default elementor-section-height-default qodef-elementor-content-no\" data-id=\"00a65a2\" data-element_type=\"section\" data-e-type=\"section\" data-settings=\"{&quot;_ob_bbad_use_it&quot;:&quot;yes&quot;,&quot;_ob_bbad_sssic_use&quot;:&quot;no&quot;,&quot;_ob_glider_is_slider&quot;:&quot;no&quot;}\">\n\t\t\t\t\t\t<div class=\"elementor-container elementor-column-gap-default\">\n\t\t\t\t\t<div class=\"elementor-column elementor-col-100 elementor-inner-column elementor-element elementor-element-4b0326b\" data-id=\"4b0326b\" data-element_type=\"column\" data-e-type=\"column\" data-settings=\"{&quot;_ob_bbad_is_stalker&quot;:&quot;no&quot;,&quot;_ob_teleporter_use&quot;:false,&quot;_ob_column_hoveranimator&quot;:&quot;no&quot;,&quot;_ob_column_has_pseudo&quot;:&quot;no&quot;}\">\n\t\t\t<div class=\"elementor-widget-wrap elementor-element-populated\">\n\t\t\t\t\t\t<div class=\"elementor-element elementor-element-f017777 ob-harakiri-inherit ob-has-background-overlay elementor-widget elementor-widget-heading\" data-id=\"f017777\" data-element_type=\"widget\" data-e-type=\"widget\" data-settings=\"{&quot;_ob_use_harakiri&quot;:&quot;yes&quot;,&quot;_ob_harakiri_writing_mode&quot;:&quot;inherit&quot;,&quot;_ob_harakiri_text_clip&quot;:&quot;none&quot;,&quot;_ob_perspektive_use&quot;:&quot;no&quot;,&quot;_ob_poopart_use&quot;:&quot;yes&quot;,&quot;_ob_shadough_use&quot;:&quot;no&quot;,&quot;_ob_allow_hoveranimator&quot;:&quot;no&quot;,&quot;_ob_widget_stalker_use&quot;:&quot;no&quot;}\" data-widget_type=\"heading.default\">\n\t\t\t\t<div class=\"elementor-widget-container\">\n\t\t\t\t\t<h1 class=\"elementor-heading-title elementor-size-default\">D\u00e9claration d'accessibilit\u00e9<\/h1>\t\t\t\t<\/div>\n\t\t\t\t<\/div>\n\t\t\t\t\t<\/div>\n\t\t<\/div>\n\t\t\t\t\t<\/div>\n\t\t<\/section>\n\t\t\t\t\t<\/div>\n\t\t<\/div>\n\t\t\t\t\t<\/div>\n\t\t<\/section>\n\t\t\t\t<section class=\"ob-is-breaking-bad elementor-section elementor-top-section elementor-element elementor-element-59ce06a elementor-section-boxed elementor-section-height-default elementor-section-height-default qodef-elementor-content-no\" data-id=\"59ce06a\" data-element_type=\"section\" data-e-type=\"section\" data-settings=\"{&quot;_ob_bbad_use_it&quot;:&quot;yes&quot;,&quot;_ob_bbad_sssic_use&quot;:&quot;no&quot;,&quot;_ob_glider_is_slider&quot;:&quot;no&quot;}\">\n\t\t\t\t\t\t<div class=\"elementor-container elementor-column-gap-default\">\n\t\t\t\t\t<div class=\"elementor-column elementor-col-100 elementor-top-column elementor-element elementor-element-29c71e5\" data-id=\"29c71e5\" data-element_type=\"column\" data-e-type=\"column\" data-settings=\"{&quot;_ob_bbad_is_stalker&quot;:&quot;no&quot;,&quot;_ob_teleporter_use&quot;:false,&quot;_ob_column_hoveranimator&quot;:&quot;no&quot;,&quot;_ob_column_has_pseudo&quot;:&quot;no&quot;}\">\n\t\t\t<div class=\"elementor-widget-wrap elementor-element-populated\">\n\t\t\t\t\t\t<div class=\"elementor-element elementor-element-9896f63 ob-harakiri-inherit ob-has-background-overlay elementor-widget elementor-widget-text-editor\" data-id=\"9896f63\" data-element_type=\"widget\" data-e-type=\"widget\" data-settings=\"{&quot;_ob_use_harakiri&quot;:&quot;yes&quot;,&quot;_ob_harakiri_writing_mode&quot;:&quot;inherit&quot;,&quot;_ob_postman_use&quot;:&quot;no&quot;,&quot;_ob_perspektive_use&quot;:&quot;no&quot;,&quot;_ob_poopart_use&quot;:&quot;yes&quot;,&quot;_ob_shadough_use&quot;:&quot;no&quot;,&quot;_ob_allow_hoveranimator&quot;:&quot;no&quot;,&quot;_ob_widget_stalker_use&quot;:&quot;no&quot;}\" data-widget_type=\"text-editor.default\">\n\t\t\t\t<div class=\"elementor-widget-container\">\n\t\t\t\t\t\t\t\t\t<h6><strong>Notre engagement<\/strong><\/h6><p>Klett World Languages s&rsquo;engage \u00e0 fournir du mat\u00e9riel accessible au plus grand nombre, tant sous forme imprim\u00e9e que num\u00e9rique.<\/p><p><b>\u00a0<\/b><\/p><h6><strong>Nos actions<\/strong><\/h6><p>Nous travaillons activement pour accro\u00eetre l&rsquo;accessibilit\u00e9 et l&rsquo;utilisabilit\u00e9 du site Web de notre entreprise, de la plateforme d&rsquo;apprentissage et des canaux de m\u00e9dias sociaux.<\/p><p>\u00c0 cette fin, nous adh\u00e9rons \u00e0 de nombreuses normes et directives disponibles, telles que celles \u00e9tablies dans la Section 508 du Rehabilitation Act de 1973 et les Web Content Accessibility Guidelines (WCAG 2.1) du W3C.<\/p><p>Nos efforts sont continus dans la mise en \u0153uvre des am\u00e9liorations n\u00e9cessaires pour r\u00e9pondre aux directives WCAG 2.1 A\/AA au fil du temps.<\/p><p><b>\u00a0<\/b><\/p><h6><strong>Notre plateforme num\u00e9rique offre, entre autres :<\/strong><\/h6><ul><li>Sous-titres et descriptions audios pour les m\u00e9dias pr\u00e9enregistr\u00e9s<\/li><li>Contr\u00f4le audio facilement accessible<\/li><li>Navigation et identification coh\u00e9rentes<\/li><li>Alternative textuelle pour le contenu non textuel qui sert le m\u00eame objectif<\/li><li>Ratio de contraste d&rsquo;au moins 5:1<\/li><li>Zoom sans perte de contenu ou de fonction<\/li><li>En-t\u00eates et \u00e9tiquettes d\u00e9crivant le sujet ou le but<\/li><li>Audio de fond faible ou nul<\/li><\/ul><p><b>\u00a0<\/b><\/p><h6><b>Nous avons une \u00e9quipe d\u00e9di\u00e9e \u00e0 l&rsquo;accessibilit\u00e9<\/b><\/h6><p>Dans le cadre de notre engagement envers l&rsquo;accessibilit\u00e9, nous avons cr\u00e9\u00e9 une \u00e9quipe qui surveille constamment l&rsquo;accessibilit\u00e9 de nos ressources imprim\u00e9es et num\u00e9riques. Cette \u00e9quipe propose une formation interne pour garantir que notre personnel est \u00e0 jour sur les derniers d\u00e9veloppements en mati\u00e8re d&rsquo;accessibilit\u00e9.<\/p><p><b>\u00a0<\/b><\/p><h6><b>Contactez-nous<\/b><\/h6><p>Veuillez nous envoyer un courriel \u00e0 <strong>accessibility@klettwl.com<\/strong> si vous avez des questions, des commentaires ou des demandes concernant notre engagement en mati\u00e8re d&rsquo;accessibilit\u00e9 et les offres disponibles. Nous serions ravis de vous entendre. Merci d&rsquo;avance pour vos id\u00e9es et vos commentaires.<\/p><div>\u00a0<\/div>\t\t\t\t\t\t\t\t<\/div>\n\t\t\t\t<\/div>\n\t\t\t\t\t<\/div>\n\t\t<\/div>\n\t\t\t\t\t<\/div>\n\t\t<\/section>\n\t\t\t\t<\/div>\n\t\t","protected":false},"excerpt":{"rendered":"<p>Accueil \/ Pourquoi nous \/ D\u00e9claration d&rsquo;accessibilit\u00e9\u00a0 D\u00e9claration d&rsquo;accessibilit\u00e9 Notre engagement Klett World Languages s&rsquo;engage \u00e0 fournir du mat\u00e9riel accessible au plus grand nombre, tant sous forme imprim\u00e9e que num\u00e9rique. \u00a0 Nos actions Nous travaillons activement pour accro\u00eetre l&rsquo;accessibilit\u00e9 et l&rsquo;utilisabilit\u00e9 du site Web de notre entreprise, de la plateforme d&rsquo;apprentissage et des canaux de [&hellip;]<\/p>\n","protected":false},"author":15,"featured_media":0,"parent":0,"menu_order":0,"comment_status":"closed","ping_status":"closed","template":"page-full-width.php","meta":{"footnotes":""},"class_list":["post-59924","page","type-page","status-publish","hentry"],"_links":{"self":[{"href":"https:\/\/klettwl.ca\/fr\/wp-json\/wp\/v2\/pages\/59924","targetHints":{"allow":["GET"]}}],"collection":[{"href":"https:\/\/klettwl.ca\/fr\/wp-json\/wp\/v2\/pages"}],"about":[{"href":"https:\/\/klettwl.ca\/fr\/wp-json\/wp\/v2\/types\/page"}],"author":[{"embeddable":true,"href":"https:\/\/klettwl.ca\/fr\/wp-json\/wp\/v2\/users\/15"}],"replies":[{"embeddable":true,"href":"https:\/\/klettwl.ca\/fr\/wp-json\/wp\/v2\/comments?post=59924"}],"version-history":[{"count":7,"href":"https:\/\/klettwl.ca\/fr\/wp-json\/wp\/v2\/pages\/59924\/revisions"}],"predecessor-version":[{"id":59939,"href":"https:\/\/klettwl.ca\/fr\/wp-json\/wp\/v2\/pages\/59924\/revisions\/59939"}],"wp:attachment":[{"href":"https:\/\/klettwl.ca\/fr\/wp-json\/wp\/v2\/media?parent=59924"}],"curies":[{"name":"wp","href":"https:\/\/api.w.org\/{rel}","templated":true}]}}