{"id":59940,"date":"2022-05-12T10:27:54","date_gmt":"2022-05-12T10:27:54","guid":{"rendered":"https:\/\/klettwl.ca\/?page_id=59940"},"modified":"2024-04-17T13:37:28","modified_gmt":"2024-04-17T13:37:28","slug":"declaration-sur-la-diversite-et-lequite","status":"publish","type":"page","link":"https:\/\/klettwl.ca\/fr\/rencontrez-nous\/declaration-sur-la-diversite-et-lequite\/","title":{"rendered":"D\u00e9claration sur la diversit\u00e9 et l&rsquo;\u00e9quit\u00e9"},"content":{"rendered":"\t\t<div data-elementor-type=\"wp-page\" data-elementor-id=\"59940\" class=\"elementor elementor-59940 elementor-8013\" data-elementor-post-type=\"page\">\n\t\t\t\t\t\t<section class=\"ob-is-breaking-bad elementor-section elementor-top-section elementor-element elementor-element-ca89ccf qodef-elementor-content-grid elementor-section-boxed elementor-section-height-default elementor-section-height-default\" data-id=\"ca89ccf\" data-element_type=\"section\" data-e-type=\"section\" data-settings=\"{&quot;background_background&quot;:&quot;classic&quot;,&quot;_ob_bbad_use_it&quot;:&quot;yes&quot;,&quot;_ob_bbad_sssic_use&quot;:&quot;no&quot;,&quot;_ob_glider_is_slider&quot;:&quot;no&quot;}\">\n\t\t\t\t\t\t\t<div class=\"elementor-background-overlay\"><\/div>\n\t\t\t\t\t\t\t<div class=\"elementor-container elementor-column-gap-extended\">\n\t\t\t\t\t<div class=\"elementor-column elementor-col-100 elementor-top-column elementor-element elementor-element-6392156\" data-id=\"6392156\" data-element_type=\"column\" data-e-type=\"column\" data-settings=\"{&quot;_ob_bbad_is_stalker&quot;:&quot;no&quot;,&quot;_ob_teleporter_use&quot;:false,&quot;_ob_column_hoveranimator&quot;:&quot;no&quot;,&quot;_ob_column_has_pseudo&quot;:&quot;no&quot;}\">\n\t\t\t<div class=\"elementor-widget-wrap elementor-element-populated\">\n\t\t\t\t\t\t<div class=\"elementor-element elementor-element-642ef79 ob-harakiri-inherit ob-has-background-overlay elementor-widget elementor-widget-text-editor\" data-id=\"642ef79\" data-element_type=\"widget\" data-e-type=\"widget\" data-settings=\"{&quot;_ob_use_harakiri&quot;:&quot;yes&quot;,&quot;_ob_harakiri_writing_mode&quot;:&quot;inherit&quot;,&quot;_ob_postman_use&quot;:&quot;no&quot;,&quot;_ob_perspektive_use&quot;:&quot;no&quot;,&quot;_ob_poopart_use&quot;:&quot;yes&quot;,&quot;_ob_shadough_use&quot;:&quot;no&quot;,&quot;_ob_allow_hoveranimator&quot;:&quot;no&quot;,&quot;_ob_widget_stalker_use&quot;:&quot;no&quot;}\" data-widget_type=\"text-editor.default\">\n\t\t\t\t<div class=\"elementor-widget-container\">\n\t\t\t\t\t\t\t\t\t<p><span style=\"color: #ffffff;\"><a style=\"color: #ffffff;\" href=\"\/\">Accueil<\/a><\/span><span style=\"color: var( --e-global-color-8975351 );\"> \/ Pourquoi nous \/ <strong>D\u00e9claration sur la diversit\u00e9 et l&rsquo;\u00e9quit\u00e9<\/strong><\/span><\/p>\t\t\t\t\t\t\t\t<\/div>\n\t\t\t\t<\/div>\n\t\t\t\t<section class=\"ob-is-breaking-bad ob-bb-inner elementor-section elementor-inner-section elementor-element elementor-element-47f1648 elementor-section-full_width elementor-section-height-default elementor-section-height-default qodef-elementor-content-no\" data-id=\"47f1648\" data-element_type=\"section\" data-e-type=\"section\" data-settings=\"{&quot;_ob_bbad_use_it&quot;:&quot;yes&quot;,&quot;_ob_bbad_sssic_use&quot;:&quot;no&quot;,&quot;_ob_glider_is_slider&quot;:&quot;no&quot;}\">\n\t\t\t\t\t\t<div class=\"elementor-container elementor-column-gap-default\">\n\t\t\t\t\t<div class=\"elementor-column elementor-col-100 elementor-inner-column elementor-element elementor-element-1576286\" data-id=\"1576286\" data-element_type=\"column\" data-e-type=\"column\" data-settings=\"{&quot;_ob_bbad_is_stalker&quot;:&quot;no&quot;,&quot;_ob_teleporter_use&quot;:false,&quot;_ob_column_hoveranimator&quot;:&quot;no&quot;,&quot;_ob_column_has_pseudo&quot;:&quot;no&quot;}\">\n\t\t\t<div class=\"elementor-widget-wrap elementor-element-populated\">\n\t\t\t\t\t\t<div class=\"elementor-element elementor-element-fc81e55 ob-harakiri-inherit ob-has-background-overlay elementor-widget elementor-widget-heading\" data-id=\"fc81e55\" data-element_type=\"widget\" data-e-type=\"widget\" data-settings=\"{&quot;_ob_use_harakiri&quot;:&quot;yes&quot;,&quot;_ob_harakiri_writing_mode&quot;:&quot;inherit&quot;,&quot;_ob_harakiri_text_clip&quot;:&quot;none&quot;,&quot;_ob_perspektive_use&quot;:&quot;no&quot;,&quot;_ob_poopart_use&quot;:&quot;yes&quot;,&quot;_ob_shadough_use&quot;:&quot;no&quot;,&quot;_ob_allow_hoveranimator&quot;:&quot;no&quot;,&quot;_ob_widget_stalker_use&quot;:&quot;no&quot;}\" data-widget_type=\"heading.default\">\n\t\t\t\t<div class=\"elementor-widget-container\">\n\t\t\t\t\t<h1 class=\"elementor-heading-title elementor-size-default\">D\u00e9claration sur la diversit\u00e9 et l'\u00e9quit\u00e9<\/h1>\t\t\t\t<\/div>\n\t\t\t\t<\/div>\n\t\t\t\t\t<\/div>\n\t\t<\/div>\n\t\t\t\t\t<\/div>\n\t\t<\/section>\n\t\t\t\t\t<\/div>\n\t\t<\/div>\n\t\t\t\t\t<\/div>\n\t\t<\/section>\n\t\t\t\t<section class=\"ob-is-breaking-bad elementor-section elementor-top-section elementor-element elementor-element-bdcb4ea elementor-section-boxed elementor-section-height-default elementor-section-height-default qodef-elementor-content-no\" data-id=\"bdcb4ea\" data-element_type=\"section\" data-e-type=\"section\" data-settings=\"{&quot;_ob_bbad_use_it&quot;:&quot;yes&quot;,&quot;_ob_bbad_sssic_use&quot;:&quot;no&quot;,&quot;_ob_glider_is_slider&quot;:&quot;no&quot;}\">\n\t\t\t\t\t\t<div class=\"elementor-container elementor-column-gap-default\">\n\t\t\t\t\t<div class=\"elementor-column elementor-col-100 elementor-top-column elementor-element elementor-element-51853e4\" data-id=\"51853e4\" data-element_type=\"column\" data-e-type=\"column\" data-settings=\"{&quot;_ob_bbad_is_stalker&quot;:&quot;no&quot;,&quot;_ob_teleporter_use&quot;:false,&quot;_ob_column_hoveranimator&quot;:&quot;no&quot;,&quot;_ob_column_has_pseudo&quot;:&quot;no&quot;}\">\n\t\t\t<div class=\"elementor-widget-wrap elementor-element-populated\">\n\t\t\t\t\t\t<div class=\"elementor-element elementor-element-3916cba ob-harakiri-inherit ob-has-background-overlay elementor-widget elementor-widget-text-editor\" data-id=\"3916cba\" data-element_type=\"widget\" data-e-type=\"widget\" data-settings=\"{&quot;_ob_use_harakiri&quot;:&quot;yes&quot;,&quot;_ob_harakiri_writing_mode&quot;:&quot;inherit&quot;,&quot;_ob_postman_use&quot;:&quot;no&quot;,&quot;_ob_perspektive_use&quot;:&quot;no&quot;,&quot;_ob_poopart_use&quot;:&quot;yes&quot;,&quot;_ob_shadough_use&quot;:&quot;no&quot;,&quot;_ob_allow_hoveranimator&quot;:&quot;no&quot;,&quot;_ob_widget_stalker_use&quot;:&quot;no&quot;}\" data-widget_type=\"text-editor.default\">\n\t\t\t\t<div class=\"elementor-widget-container\">\n\t\t\t\t\t\t\t\t\t<p><b>Notre mission<br \/><\/b><\/p><p>Chez Klett World Languages Canada, notre mission est de rassembler les individus, d&rsquo;am\u00e9liorer la compr\u00e9hension mutuelle et de promouvoir la paix et la prosp\u00e9rit\u00e9 gr\u00e2ce \u00e0 la comp\u00e9tence dans les langues du monde et au d\u00e9veloppement d&rsquo;une appr\u00e9ciation des diff\u00e9rentes cultures.<\/p><p><b>Nos ressources<br \/><\/b><\/p><p>Nous sommes convaincus que la cr\u00e9ation de m\u00e9thodes linguistiques diversifi\u00e9es, inclusives et qui encourage la communication significative nous permet de promouvoir la citoyennet\u00e9 mondiale tant \u00e0 l&rsquo;int\u00e9rieur qu&rsquo;\u00e0 l&rsquo;ext\u00e9rieur de la classe. Gr\u00e2ce \u00e0 notre mat\u00e9riel, les \u00e9l\u00e8ves pourront acqu\u00e9rir une compr\u00e9hension de l&rsquo;\u00e9quit\u00e9 mondiale par l\u2019exploration de diff\u00e9rentes identit\u00e9s et communaut\u00e9s. Nos m\u00e9thodes servent de tremplin aux \u00e9tudiants pour appr\u00e9hender les complexit\u00e9s du monde et la richesse culturelle qui le caract\u00e9rise.<\/p><p><b>Notre entreprise<br \/><\/b><\/p><p><span style=\"font-weight: 400;\">Nous aspirons \u00e0 op\u00e9rer en tant qu&rsquo;entreprise inclusive et diversifi\u00e9e, recherchant activement des partenariats avec des entreprises d\u00e9tenues par des minorit\u00e9s et des femmes.\u00a0<\/span><\/p><p><span style=\"font-weight: 400;\">Nous recrutons et embauchons des individus sans distinction de race, de couleur, de religion, de sexe, d&rsquo;identit\u00e9 de genre, d&rsquo;orientation sexuelle, d&rsquo;origine nationale, d\u2019handicap ou d&rsquo;\u00e2ge.<\/span><\/p><p><b>Nous reconnaissons que nous nous trouvons sur les territoires traditionnels des peuples autochtones du Canada.<\/b><span style=\"font-weight: 400;\"> Ces terres ont \u00e9t\u00e9 habit\u00e9es par diff\u00e9rentes nations autochtones tout au long de l&rsquo;histoire. Nous reconnaissons le riche patrimoine culturel, les liens profonds avec ces terres et les contributions perp\u00e9tuelles des peuples autochtones. Nous nous engageons \u00e0 honorer et \u00e0 respecter les peuples autochtones et leurs territoires traditionnels alors que nous travaillons et vivons sur leurs terres.<\/span><\/p><p><span style=\"font-weight: 400;\">En tant qu&rsquo;entreprise, nous nous effor\u00e7ons de continuer \u00e0 apprendre sur les histoires, les cultures et les contributions des communaut\u00e9s autochtones, et nous sommes d\u00e9termin\u00e9s \u00e0 construire des relations positives et mutuellement b\u00e9n\u00e9fiques avec elles.<\/span><\/p><p><span style=\"font-weight: 400;\">Nous vous remercions de votre compr\u00e9hension et de votre soutien pendant que nous \u0153uvrons vers la r\u00e9conciliation et un avenir plus inclusif et \u00e9quitable pour tous. Si vous avez des questions ou des commentaires concernant notre engagement envers l&rsquo;inclusion et la diversit\u00e9, n&rsquo;h\u00e9sitez pas \u00e0 nous \u00e9crire \u00e0 <strong>diversity@klettwl.com<\/strong>. Nous serions ravis d&rsquo;avoir de vos nouvelles.<\/span><\/p>\t\t\t\t\t\t\t\t<\/div>\n\t\t\t\t<\/div>\n\t\t\t\t\t<\/div>\n\t\t<\/div>\n\t\t\t\t\t<\/div>\n\t\t<\/section>\n\t\t\t\t<\/div>\n\t\t","protected":false},"excerpt":{"rendered":"<p>Accueil \/ Pourquoi nous \/ D\u00e9claration sur la diversit\u00e9 et l&rsquo;\u00e9quit\u00e9 D\u00e9claration sur la diversit\u00e9 et l&rsquo;\u00e9quit\u00e9 Notre mission Chez Klett World Languages Canada, notre mission est de rassembler les individus, d&rsquo;am\u00e9liorer la compr\u00e9hension mutuelle et de promouvoir la paix et la prosp\u00e9rit\u00e9 gr\u00e2ce \u00e0 la comp\u00e9tence dans les langues du monde et au d\u00e9veloppement [&hellip;]<\/p>\n","protected":false},"author":15,"featured_media":0,"parent":59901,"menu_order":0,"comment_status":"closed","ping_status":"closed","template":"page-full-width.php","meta":{"footnotes":""},"class_list":["post-59940","page","type-page","status-publish","hentry"],"_links":{"self":[{"href":"https:\/\/klettwl.ca\/fr\/wp-json\/wp\/v2\/pages\/59940","targetHints":{"allow":["GET"]}}],"collection":[{"href":"https:\/\/klettwl.ca\/fr\/wp-json\/wp\/v2\/pages"}],"about":[{"href":"https:\/\/klettwl.ca\/fr\/wp-json\/wp\/v2\/types\/page"}],"author":[{"embeddable":true,"href":"https:\/\/klettwl.ca\/fr\/wp-json\/wp\/v2\/users\/15"}],"replies":[{"embeddable":true,"href":"https:\/\/klettwl.ca\/fr\/wp-json\/wp\/v2\/comments?post=59940"}],"version-history":[{"count":16,"href":"https:\/\/klettwl.ca\/fr\/wp-json\/wp\/v2\/pages\/59940\/revisions"}],"predecessor-version":[{"id":60453,"href":"https:\/\/klettwl.ca\/fr\/wp-json\/wp\/v2\/pages\/59940\/revisions\/60453"}],"up":[{"embeddable":true,"href":"https:\/\/klettwl.ca\/fr\/wp-json\/wp\/v2\/pages\/59901"}],"wp:attachment":[{"href":"https:\/\/klettwl.ca\/fr\/wp-json\/wp\/v2\/media?parent=59940"}],"curies":[{"name":"wp","href":"https:\/\/api.w.org\/{rel}","templated":true}]}}