{"id":59948,"date":"2022-05-12T10:28:17","date_gmt":"2022-05-12T10:28:17","guid":{"rendered":"https:\/\/klettwl.ca\/?page_id=59948"},"modified":"2024-04-16T22:18:24","modified_gmt":"2024-04-16T22:18:24","slug":"declaration-sur-la-durabilite","status":"publish","type":"page","link":"https:\/\/klettwl.ca\/fr\/rencontrez-nous\/declaration-sur-la-durabilite\/","title":{"rendered":"D\u00e9claration sur la durabilit\u00e9"},"content":{"rendered":"\t\t<div data-elementor-type=\"wp-page\" data-elementor-id=\"59948\" class=\"elementor elementor-59948 elementor-8015\" data-elementor-post-type=\"page\">\n\t\t\t\t\t\t<section class=\"ob-is-breaking-bad elementor-section elementor-top-section elementor-element elementor-element-94f9785 qodef-elementor-content-grid elementor-section-full_width elementor-section-height-default elementor-section-height-default\" data-id=\"94f9785\" data-element_type=\"section\" data-e-type=\"section\" data-settings=\"{&quot;background_background&quot;:&quot;classic&quot;,&quot;_ob_bbad_use_it&quot;:&quot;yes&quot;,&quot;_ob_bbad_sssic_use&quot;:&quot;no&quot;,&quot;_ob_glider_is_slider&quot;:&quot;no&quot;}\">\n\t\t\t\t\t\t\t<div class=\"elementor-background-overlay\"><\/div>\n\t\t\t\t\t\t\t<div class=\"elementor-container elementor-column-gap-extended\">\n\t\t\t\t\t<div class=\"elementor-column elementor-col-100 elementor-top-column elementor-element elementor-element-fa57384\" data-id=\"fa57384\" data-element_type=\"column\" data-e-type=\"column\" data-settings=\"{&quot;_ob_bbad_is_stalker&quot;:&quot;no&quot;,&quot;_ob_teleporter_use&quot;:false,&quot;_ob_column_hoveranimator&quot;:&quot;no&quot;,&quot;_ob_column_has_pseudo&quot;:&quot;no&quot;}\">\n\t\t\t<div class=\"elementor-widget-wrap elementor-element-populated\">\n\t\t\t\t\t\t<div class=\"elementor-element elementor-element-9c70c7e ob-harakiri-inherit ob-has-background-overlay elementor-widget elementor-widget-text-editor\" data-id=\"9c70c7e\" data-element_type=\"widget\" data-e-type=\"widget\" data-settings=\"{&quot;_ob_use_harakiri&quot;:&quot;yes&quot;,&quot;_ob_harakiri_writing_mode&quot;:&quot;inherit&quot;,&quot;_ob_postman_use&quot;:&quot;no&quot;,&quot;_ob_perspektive_use&quot;:&quot;no&quot;,&quot;_ob_poopart_use&quot;:&quot;yes&quot;,&quot;_ob_shadough_use&quot;:&quot;no&quot;,&quot;_ob_allow_hoveranimator&quot;:&quot;no&quot;,&quot;_ob_widget_stalker_use&quot;:&quot;no&quot;}\" data-widget_type=\"text-editor.default\">\n\t\t\t\t<div class=\"elementor-widget-container\">\n\t\t\t\t\t\t\t\t\t<p><span style=\"color: #ffffff;\"><a style=\"color: #ffffff;\" href=\"\/\">Accueil<\/a><\/span> \/ Pourquoi nous \/<b> D\u00e9claration sur la durabilit\u00e9<\/b><\/p>\t\t\t\t\t\t\t\t<\/div>\n\t\t\t\t<\/div>\n\t\t\t\t<section class=\"ob-is-breaking-bad ob-bb-inner elementor-section elementor-inner-section elementor-element elementor-element-6318900 elementor-section-full_width elementor-section-height-default elementor-section-height-default qodef-elementor-content-no\" data-id=\"6318900\" data-element_type=\"section\" data-e-type=\"section\" data-settings=\"{&quot;_ob_bbad_use_it&quot;:&quot;yes&quot;,&quot;_ob_bbad_sssic_use&quot;:&quot;no&quot;,&quot;_ob_glider_is_slider&quot;:&quot;no&quot;}\">\n\t\t\t\t\t\t<div class=\"elementor-container elementor-column-gap-default\">\n\t\t\t\t\t<div class=\"elementor-column elementor-col-100 elementor-inner-column elementor-element elementor-element-b926c68\" data-id=\"b926c68\" data-element_type=\"column\" data-e-type=\"column\" data-settings=\"{&quot;_ob_bbad_is_stalker&quot;:&quot;no&quot;,&quot;_ob_teleporter_use&quot;:false,&quot;_ob_column_hoveranimator&quot;:&quot;no&quot;,&quot;_ob_column_has_pseudo&quot;:&quot;no&quot;}\">\n\t\t\t<div class=\"elementor-widget-wrap elementor-element-populated\">\n\t\t\t\t\t\t<div class=\"elementor-element elementor-element-b52bfcd ob-harakiri-inherit ob-has-background-overlay elementor-widget elementor-widget-heading\" data-id=\"b52bfcd\" data-element_type=\"widget\" data-e-type=\"widget\" data-settings=\"{&quot;_ob_use_harakiri&quot;:&quot;yes&quot;,&quot;_ob_harakiri_writing_mode&quot;:&quot;inherit&quot;,&quot;_ob_harakiri_text_clip&quot;:&quot;none&quot;,&quot;_ob_perspektive_use&quot;:&quot;no&quot;,&quot;_ob_poopart_use&quot;:&quot;yes&quot;,&quot;_ob_shadough_use&quot;:&quot;no&quot;,&quot;_ob_allow_hoveranimator&quot;:&quot;no&quot;,&quot;_ob_widget_stalker_use&quot;:&quot;no&quot;}\" data-widget_type=\"heading.default\">\n\t\t\t\t<div class=\"elementor-widget-container\">\n\t\t\t\t\t<h1 class=\"elementor-heading-title elementor-size-default\">D\u00e9claration sur<br>\nla durabilit\u00e9<\/h1>\t\t\t\t<\/div>\n\t\t\t\t<\/div>\n\t\t\t\t\t<\/div>\n\t\t<\/div>\n\t\t\t\t\t<\/div>\n\t\t<\/section>\n\t\t\t\t\t<\/div>\n\t\t<\/div>\n\t\t\t\t\t<\/div>\n\t\t<\/section>\n\t\t\t\t<section class=\"ob-is-breaking-bad elementor-section elementor-top-section elementor-element elementor-element-79921bb elementor-section-boxed elementor-section-height-default elementor-section-height-default qodef-elementor-content-no\" data-id=\"79921bb\" data-element_type=\"section\" data-e-type=\"section\" data-settings=\"{&quot;_ob_bbad_use_it&quot;:&quot;yes&quot;,&quot;_ob_bbad_sssic_use&quot;:&quot;no&quot;,&quot;_ob_glider_is_slider&quot;:&quot;no&quot;}\">\n\t\t\t\t\t\t<div class=\"elementor-container elementor-column-gap-default\">\n\t\t\t\t\t<div class=\"elementor-column elementor-col-100 elementor-top-column elementor-element elementor-element-6925ce3\" data-id=\"6925ce3\" data-element_type=\"column\" data-e-type=\"column\" data-settings=\"{&quot;_ob_bbad_is_stalker&quot;:&quot;no&quot;,&quot;_ob_teleporter_use&quot;:false,&quot;_ob_column_hoveranimator&quot;:&quot;no&quot;,&quot;_ob_column_has_pseudo&quot;:&quot;no&quot;}\">\n\t\t\t<div class=\"elementor-widget-wrap elementor-element-populated\">\n\t\t\t\t\t\t<div class=\"elementor-element elementor-element-9a0e971 ob-harakiri-inherit ob-has-background-overlay elementor-widget elementor-widget-text-editor\" data-id=\"9a0e971\" data-element_type=\"widget\" data-e-type=\"widget\" data-settings=\"{&quot;_ob_use_harakiri&quot;:&quot;yes&quot;,&quot;_ob_harakiri_writing_mode&quot;:&quot;inherit&quot;,&quot;_ob_postman_use&quot;:&quot;no&quot;,&quot;_ob_perspektive_use&quot;:&quot;no&quot;,&quot;_ob_poopart_use&quot;:&quot;yes&quot;,&quot;_ob_shadough_use&quot;:&quot;no&quot;,&quot;_ob_allow_hoveranimator&quot;:&quot;no&quot;,&quot;_ob_widget_stalker_use&quot;:&quot;no&quot;}\" data-widget_type=\"text-editor.default\">\n\t\t\t\t<div class=\"elementor-widget-container\">\n\t\t\t\t\t\t\t\t\t<p><strong>Notre conception de la durabilit\u00e9<\/strong><\/p><p><span style=\"font-weight: 400;\">La durabilit\u00e9 englobe des objectifs ambitieux dans les domaines environnementaux, \u00e9conomiques et sociaux.\u00a0<\/span><\/p><p><span style=\"font-weight: 400;\">Pour nous, la durabilit\u00e9 signifie r\u00e9pondre aux besoins de notre g\u00e9n\u00e9ration actuelle sans compromettre la capacit\u00e9 des g\u00e9n\u00e9rations futures de r\u00e9pondre aux leurs.\u00a0\u00a0\u00a0<\/span><\/p><p><span style=\"font-weight: 400;\">Chez Klett World Languages, nous nous engageons \u00e0 faire notre part pour parvenir \u00e0 un monde durable.<\/span><\/p><p>\u00a0<\/p><p><b>\u00c9ducation de qualit\u00e9<\/b><\/p><p>Nous croyons que chacun devrait avoir acc\u00e8s aux ressources n\u00e9cessaires pour mener une vie significative, \u00e9panouissante et durable, enrichie par la possibilit\u00e9 d&rsquo;apprendre, de communiquer largement et de comprendre la diversit\u00e9 culturelle de notre plan\u00e8te.<\/p><p><strong>L&rsquo;un des 17 objectifs de d\u00e9veloppement durable des Nations Unies<\/strong> est de fournir une \u00e9ducation de qualit\u00e9 en assurant des opportunit\u00e9s \u00e9ducatives inclusives et \u00e9quitables pour tous.<\/p><p>Nous adh\u00e9rons pleinement \u00e0 cette aspiration et nous nous effor\u00e7ons de fournir des programmes de sensibilisation aux langues \u00e9trang\u00e8res et \u00e0 la culture diversifi\u00e9s et inclusifs \u00e0 un public aussi large que possible. <\/p><p>\u00a0<\/p><p><b>Notre \u00e9quipe<\/b><\/p><p><span style=\"font-weight: 400;\">Nous souhaitons que nos coll\u00e8gues prosp\u00e8rent et m\u00e8nent des vies saines, agr\u00e9ables et \u00e9panouissantes. Nous nous engageons \u00e0 leur offrir un environnement de travail diversifi\u00e9, inclusif et participatif, avec d&rsquo;excellentes conditions de travail, et \u00e0 les traiter avec dignit\u00e9 et respect.\u00a0\u00a0<\/span><\/p><p>\u00a0<\/p><p><b>Notre entreprise<\/b><\/p><p><span style=\"font-weight: 400;\">Nous comprenons \u00e9galement l&rsquo;impact que nous avons sur notre plan\u00e8te et ses ressources limit\u00e9es. C&rsquo;est pourquoi nous d\u00e9veloppons continuellement des produits innovants qui resteront hautement efficaces tout au long de leur dur\u00e9e de vie et qui soutiendront un monde plus durable.\u00a0<\/span><\/p><p><span style=\"font-weight: 400;\">\u00c0 mesure que nous en apprenons davantage sur l\u2019impact que nous avons sur la durabilit\u00e9 de notre plan\u00e8te, nous apporterons des am\u00e9liorations, qu&rsquo;elles soient importantes ou minimes, partout o\u00f9 cela est possible.\u00a0<\/span><\/p><p><span style=\"font-weight: 400;\">Si vous avez des questions ou des commentaires sur notre engagement envers la durabilit\u00e9, n&rsquo;h\u00e9sitez pas \u00e0 nous \u00e9crire \u00e0 <strong>sustainability@klettwl.com<\/strong>. Nous serions ravis d&rsquo;avoir de vos nouvelles. <\/span><\/p>\t\t\t\t\t\t\t\t<\/div>\n\t\t\t\t<\/div>\n\t\t\t\t\t<\/div>\n\t\t<\/div>\n\t\t\t\t\t<\/div>\n\t\t<\/section>\n\t\t\t\t<\/div>\n\t\t","protected":false},"excerpt":{"rendered":"<p>Accueil \/ Pourquoi nous \/ D\u00e9claration sur la durabilit\u00e9 D\u00e9claration sur la durabilit\u00e9 Notre conception de la durabilit\u00e9 La durabilit\u00e9 englobe des objectifs ambitieux dans les domaines environnementaux, \u00e9conomiques et sociaux.\u00a0 Pour nous, la durabilit\u00e9 signifie r\u00e9pondre aux besoins de notre g\u00e9n\u00e9ration actuelle sans compromettre la capacit\u00e9 des g\u00e9n\u00e9rations futures de r\u00e9pondre aux leurs.\u00a0\u00a0\u00a0 Chez [&hellip;]<\/p>\n","protected":false},"author":15,"featured_media":0,"parent":59901,"menu_order":0,"comment_status":"closed","ping_status":"closed","template":"page-full-width.php","meta":{"footnotes":""},"class_list":["post-59948","page","type-page","status-publish","hentry"],"_links":{"self":[{"href":"https:\/\/klettwl.ca\/fr\/wp-json\/wp\/v2\/pages\/59948","targetHints":{"allow":["GET"]}}],"collection":[{"href":"https:\/\/klettwl.ca\/fr\/wp-json\/wp\/v2\/pages"}],"about":[{"href":"https:\/\/klettwl.ca\/fr\/wp-json\/wp\/v2\/types\/page"}],"author":[{"embeddable":true,"href":"https:\/\/klettwl.ca\/fr\/wp-json\/wp\/v2\/users\/15"}],"replies":[{"embeddable":true,"href":"https:\/\/klettwl.ca\/fr\/wp-json\/wp\/v2\/comments?post=59948"}],"version-history":[{"count":7,"href":"https:\/\/klettwl.ca\/fr\/wp-json\/wp\/v2\/pages\/59948\/revisions"}],"predecessor-version":[{"id":59955,"href":"https:\/\/klettwl.ca\/fr\/wp-json\/wp\/v2\/pages\/59948\/revisions\/59955"}],"up":[{"embeddable":true,"href":"https:\/\/klettwl.ca\/fr\/wp-json\/wp\/v2\/pages\/59901"}],"wp:attachment":[{"href":"https:\/\/klettwl.ca\/fr\/wp-json\/wp\/v2\/media?parent=59948"}],"curies":[{"name":"wp","href":"https:\/\/api.w.org\/{rel}","templated":true}]}}