{"id":63076,"date":"2023-08-14T16:04:23","date_gmt":"2023-08-14T16:04:23","guid":{"rendered":"https:\/\/klettwl.ca\/?page_id=63076"},"modified":"2025-03-25T21:43:50","modified_gmt":"2025-03-25T21:43:50","slug":"conseillerere-commerciale-bilingue-anglais-francais","status":"publish","type":"page","link":"https:\/\/klettwl.ca\/fr\/rencontrez-nous\/carrieres-chez-kwl\/conseillerere-commerciale-bilingue-anglais-francais\/","title":{"rendered":"Conseiller(\u00e8re) commercial(e) (bilingue anglais \/ fran\u00e7ais)"},"content":{"rendered":"\t\t<div data-elementor-type=\"wp-page\" data-elementor-id=\"63076\" class=\"elementor elementor-63076 elementor-53296\" data-elementor-post-type=\"page\">\n\t\t\t\t\t\t<section class=\"ob-is-breaking-bad elementor-section elementor-top-section elementor-element elementor-element-886a01d qodef-elementor-content-grid elementor-section-full_width elementor-section-height-default elementor-section-height-default\" data-id=\"886a01d\" data-element_type=\"section\" data-e-type=\"section\" data-settings=\"{&quot;background_background&quot;:&quot;classic&quot;,&quot;_ob_bbad_use_it&quot;:&quot;yes&quot;,&quot;_ob_bbad_sssic_use&quot;:&quot;no&quot;,&quot;_ob_glider_is_slider&quot;:&quot;no&quot;}\">\n\t\t\t\t\t\t\t<div class=\"elementor-background-overlay\"><\/div>\n\t\t\t\t\t\t\t<div class=\"elementor-container elementor-column-gap-default\">\n\t\t\t\t\t<div class=\"elementor-column elementor-col-100 elementor-top-column elementor-element elementor-element-b475ec5\" data-id=\"b475ec5\" data-element_type=\"column\" data-e-type=\"column\" data-settings=\"{&quot;background_background&quot;:&quot;slideshow&quot;,&quot;_ob_bbad_is_stalker&quot;:&quot;no&quot;,&quot;_ob_teleporter_use&quot;:false,&quot;background_slideshow_gallery&quot;:[],&quot;background_slideshow_loop&quot;:&quot;yes&quot;,&quot;background_slideshow_slide_duration&quot;:5000,&quot;background_slideshow_slide_transition&quot;:&quot;fade&quot;,&quot;background_slideshow_transition_duration&quot;:500,&quot;_ob_column_hoveranimator&quot;:&quot;no&quot;,&quot;_ob_column_has_pseudo&quot;:&quot;no&quot;}\">\n\t\t\t<div class=\"elementor-widget-wrap elementor-element-populated\">\n\t\t\t\t\t\t<div class=\"elementor-element elementor-element-053ad07 ob-harakiri-inherit ob-has-background-overlay elementor-widget elementor-widget-text-editor\" data-id=\"053ad07\" data-element_type=\"widget\" data-e-type=\"widget\" data-settings=\"{&quot;_ob_use_harakiri&quot;:&quot;yes&quot;,&quot;_ob_harakiri_writing_mode&quot;:&quot;inherit&quot;,&quot;_ob_postman_use&quot;:&quot;no&quot;,&quot;_ob_perspektive_use&quot;:&quot;no&quot;,&quot;_ob_poopart_use&quot;:&quot;yes&quot;,&quot;_ob_shadough_use&quot;:&quot;no&quot;,&quot;_ob_allow_hoveranimator&quot;:&quot;no&quot;,&quot;_ob_widget_stalker_use&quot;:&quot;no&quot;}\" data-widget_type=\"text-editor.default\">\n\t\t\t\t<div class=\"elementor-widget-container\">\n\t\t\t\t\t\t\t\t\t<p><span style=\"color: #ffffff;\"><a style=\"color: #ffffff;\" href=\"\/\">Accueil<\/a><\/span> \/ Carri\u00e8res chez KWL \/ <b>Conseiller(\u00e8re) commercial(e) (bilingue anglais \/ fran\u00e7ais)<\/b><\/p>\t\t\t\t\t\t\t\t<\/div>\n\t\t\t\t<\/div>\n\t\t\t\t<section class=\"ob-is-breaking-bad ob-bb-inner elementor-section elementor-inner-section elementor-element elementor-element-0cbf497 elementor-section-full_width elementor-section-height-default elementor-section-height-default qodef-elementor-content-no\" data-id=\"0cbf497\" data-element_type=\"section\" data-e-type=\"section\" data-settings=\"{&quot;_ob_bbad_use_it&quot;:&quot;yes&quot;,&quot;_ob_bbad_sssic_use&quot;:&quot;no&quot;,&quot;_ob_glider_is_slider&quot;:&quot;no&quot;}\">\n\t\t\t\t\t\t<div class=\"elementor-container elementor-column-gap-default\">\n\t\t\t\t\t<div class=\"elementor-column elementor-col-100 elementor-inner-column elementor-element elementor-element-64b048d\" data-id=\"64b048d\" data-element_type=\"column\" data-e-type=\"column\" data-settings=\"{&quot;_ob_bbad_is_stalker&quot;:&quot;no&quot;,&quot;_ob_teleporter_use&quot;:false,&quot;_ob_column_hoveranimator&quot;:&quot;no&quot;,&quot;_ob_column_has_pseudo&quot;:&quot;no&quot;}\">\n\t\t\t<div class=\"elementor-widget-wrap elementor-element-populated\">\n\t\t\t\t\t\t<div class=\"elementor-element elementor-element-a9076b8 ob-harakiri-inherit ob-has-background-overlay elementor-widget elementor-widget-heading\" data-id=\"a9076b8\" data-element_type=\"widget\" data-e-type=\"widget\" data-settings=\"{&quot;_ob_use_harakiri&quot;:&quot;yes&quot;,&quot;_ob_harakiri_writing_mode&quot;:&quot;inherit&quot;,&quot;_ob_harakiri_text_clip&quot;:&quot;none&quot;,&quot;_ob_perspektive_use&quot;:&quot;no&quot;,&quot;_ob_poopart_use&quot;:&quot;yes&quot;,&quot;_ob_shadough_use&quot;:&quot;no&quot;,&quot;_ob_allow_hoveranimator&quot;:&quot;no&quot;,&quot;_ob_widget_stalker_use&quot;:&quot;no&quot;}\" data-widget_type=\"heading.default\">\n\t\t\t\t<div class=\"elementor-widget-container\">\n\t\t\t\t\t<h1 class=\"elementor-heading-title elementor-size-default\">Conseiller(\u00e8re) commercial(e) (bilingue anglais \/ fran\u00e7ais)<\/h1>\t\t\t\t<\/div>\n\t\t\t\t<\/div>\n\t\t\t\t\t<\/div>\n\t\t<\/div>\n\t\t\t\t\t<\/div>\n\t\t<\/section>\n\t\t\t\t\t<\/div>\n\t\t<\/div>\n\t\t\t\t\t<\/div>\n\t\t<\/section>\n\t\t\t\t<section class=\"ob-is-breaking-bad elementor-section elementor-top-section elementor-element elementor-element-3a65705 elementor-section-boxed elementor-section-height-default elementor-section-height-default qodef-elementor-content-no\" data-id=\"3a65705\" data-element_type=\"section\" data-e-type=\"section\" data-settings=\"{&quot;_ob_bbad_use_it&quot;:&quot;yes&quot;,&quot;_ob_bbad_sssic_use&quot;:&quot;no&quot;,&quot;_ob_glider_is_slider&quot;:&quot;no&quot;}\">\n\t\t\t\t\t\t<div class=\"elementor-container elementor-column-gap-default\">\n\t\t\t\t\t<div class=\"elementor-column elementor-col-100 elementor-top-column elementor-element elementor-element-38c277c\" data-id=\"38c277c\" data-element_type=\"column\" data-e-type=\"column\" data-settings=\"{&quot;_ob_bbad_is_stalker&quot;:&quot;no&quot;,&quot;_ob_teleporter_use&quot;:false,&quot;_ob_column_hoveranimator&quot;:&quot;no&quot;,&quot;_ob_column_has_pseudo&quot;:&quot;no&quot;}\">\n\t\t\t<div class=\"elementor-widget-wrap elementor-element-populated\">\n\t\t\t\t\t\t<div class=\"elementor-element elementor-element-0585fb8 ob-harakiri-inherit ob-has-background-overlay elementor-widget elementor-widget-text-editor\" data-id=\"0585fb8\" data-element_type=\"widget\" data-e-type=\"widget\" data-settings=\"{&quot;_ob_use_harakiri&quot;:&quot;yes&quot;,&quot;_ob_harakiri_writing_mode&quot;:&quot;inherit&quot;,&quot;_ob_postman_use&quot;:&quot;no&quot;,&quot;_ob_perspektive_use&quot;:&quot;no&quot;,&quot;_ob_poopart_use&quot;:&quot;yes&quot;,&quot;_ob_shadough_use&quot;:&quot;no&quot;,&quot;_ob_allow_hoveranimator&quot;:&quot;no&quot;,&quot;_ob_widget_stalker_use&quot;:&quot;no&quot;}\" data-widget_type=\"text-editor.default\">\n\t\t\t\t<div class=\"elementor-widget-container\">\n\t\t\t\t\t\t\t\t\t<p><span style=\"background-color: #ffffff; font-weight: bold;\"><span style=\"color: #0261b6;\">Salaire:<\/span>\u00a0<\/span><span style=\"background-color: #ffffff;\">CAD 75-85,000<\/span><span style=\"background-color: #ffffff;\">\u00a0 \u00a0 <\/span><span style=\"background-color: #ffffff;\"><span style=\"background-color: #ffffff; font-weight: bold; color: #0261b6;\">Prime: <\/span><span style=\"background-color: #ffffff; color: #0261b6;\"><span style=\"color: #000000;\">jusqu\u2019\u00e0 10 000 CAD (selon les r\u00e9sultats de vente et la performance de l\u2019employ\u00e9)<\/span><\/span><br \/><\/span><span style=\"background-color: #ffffff; font-weight: bold; color: #0261b6;\">Lieu: <\/span><span style=\"background-color: #ffffff;\"><span style=\"font-weight: 400;\">r\u00e9gion de Vancouver, Edmonton, Calgary\u00a0 <\/span><\/span><span style=\"background-color: #ffffff; font-weight: bold; color: #0261b6;\">Horaire:<\/span><span style=\"background-color: #ffffff; color: #000000;\">\u00a0temps plein<\/span><\/p>\t\t\t\t\t\t\t\t<\/div>\n\t\t\t\t<\/div>\n\t\t\t\t\t<\/div>\n\t\t<\/div>\n\t\t\t\t\t<\/div>\n\t\t<\/section>\n\t\t\t\t<section class=\"ob-is-breaking-bad elementor-section elementor-top-section elementor-element elementor-element-24987a5 elementor-section-boxed elementor-section-height-default elementor-section-height-default qodef-elementor-content-no\" data-id=\"24987a5\" data-element_type=\"section\" data-e-type=\"section\" data-settings=\"{&quot;_ob_bbad_use_it&quot;:&quot;yes&quot;,&quot;_ob_bbad_sssic_use&quot;:&quot;no&quot;,&quot;_ob_glider_is_slider&quot;:&quot;no&quot;}\">\n\t\t\t\t\t\t<div class=\"elementor-container elementor-column-gap-default\">\n\t\t\t\t\t<div class=\"elementor-column elementor-col-50 elementor-top-column elementor-element elementor-element-e4f06f7\" data-id=\"e4f06f7\" data-element_type=\"column\" data-e-type=\"column\" data-settings=\"{&quot;_ob_bbad_is_stalker&quot;:&quot;no&quot;,&quot;_ob_teleporter_use&quot;:false,&quot;_ob_column_hoveranimator&quot;:&quot;no&quot;,&quot;_ob_column_has_pseudo&quot;:&quot;no&quot;}\">\n\t\t\t<div class=\"elementor-widget-wrap elementor-element-populated\">\n\t\t\t\t\t\t<div class=\"elementor-element elementor-element-2d197fc ob-harakiri-inherit ob-has-background-overlay elementor-widget elementor-widget-heading\" data-id=\"2d197fc\" data-element_type=\"widget\" data-e-type=\"widget\" data-settings=\"{&quot;_ob_use_harakiri&quot;:&quot;yes&quot;,&quot;_ob_harakiri_writing_mode&quot;:&quot;inherit&quot;,&quot;_ob_harakiri_text_clip&quot;:&quot;none&quot;,&quot;_ob_perspektive_use&quot;:&quot;no&quot;,&quot;_ob_poopart_use&quot;:&quot;yes&quot;,&quot;_ob_shadough_use&quot;:&quot;no&quot;,&quot;_ob_allow_hoveranimator&quot;:&quot;no&quot;,&quot;_ob_widget_stalker_use&quot;:&quot;no&quot;}\" data-widget_type=\"heading.default\">\n\t\t\t\t<div class=\"elementor-widget-container\">\n\t\t\t\t\t<h2 class=\"elementor-heading-title elementor-size-default\">\u00c0 propos de nous<\/h2>\t\t\t\t<\/div>\n\t\t\t\t<\/div>\n\t\t\t\t<div class=\"elementor-element elementor-element-44c7ede ob-harakiri-inherit ob-has-background-overlay elementor-widget elementor-widget-text-editor\" data-id=\"44c7ede\" data-element_type=\"widget\" data-e-type=\"widget\" data-settings=\"{&quot;_ob_use_harakiri&quot;:&quot;yes&quot;,&quot;_ob_harakiri_writing_mode&quot;:&quot;inherit&quot;,&quot;_ob_postman_use&quot;:&quot;no&quot;,&quot;_ob_perspektive_use&quot;:&quot;no&quot;,&quot;_ob_poopart_use&quot;:&quot;yes&quot;,&quot;_ob_shadough_use&quot;:&quot;no&quot;,&quot;_ob_allow_hoveranimator&quot;:&quot;no&quot;,&quot;_ob_widget_stalker_use&quot;:&quot;no&quot;}\" data-widget_type=\"text-editor.default\">\n\t\t\t\t<div class=\"elementor-widget-container\">\n\t\t\t\t\t\t\t\t\t<p>Klett World Languages Canada est une maison d\u2019\u00e9dition \u00e9ducative en pleine croissance, bas\u00e9e \u00e0 Calgary et faisant partie du groupe europ\u00e9en Klett, qui regroupe plus de 80 entreprises \u00e9ducatives. Nous publions du mat\u00e9riel de qualit\u00e9 en espagnol, fran\u00e7ais, allemand et italien pour enfants, adolescents et adultes. Notre mission est de soutenir les enseignants et d\u2019aider les \u00e9l\u00e8ves \u00e0 d\u00e9velopper des comp\u00e9tences communicatives authentiques gr\u00e2ce \u00e0 un contenu accessible. Nous servons fi\u00e8rement les \u00e9coles \u00e0 travers le Canada et collaborons \u00e9troitement avec nos \u00e9quipes internationales pour faire \u00e9voluer l\u2019enseignement des langues en Am\u00e9rique du Nord.<\/p>\t\t\t\t\t\t\t\t<\/div>\n\t\t\t\t<\/div>\n\t\t\t\t\t<\/div>\n\t\t<\/div>\n\t\t\t\t<div class=\"elementor-column elementor-col-50 elementor-top-column elementor-element elementor-element-326458c\" data-id=\"326458c\" data-element_type=\"column\" data-e-type=\"column\" data-settings=\"{&quot;_ob_bbad_is_stalker&quot;:&quot;no&quot;,&quot;_ob_teleporter_use&quot;:false,&quot;_ob_column_hoveranimator&quot;:&quot;no&quot;,&quot;_ob_column_has_pseudo&quot;:&quot;no&quot;}\">\n\t\t\t<div class=\"elementor-widget-wrap elementor-element-populated\">\n\t\t\t\t\t\t<div class=\"elementor-element elementor-element-4f90d1b elementor-widget__width-inherit ob-has-background-overlay elementor-widget elementor-widget-image\" data-id=\"4f90d1b\" data-element_type=\"widget\" data-e-type=\"widget\" data-settings=\"{&quot;_ob_photomorph_use&quot;:&quot;no&quot;,&quot;_ob_perspektive_use&quot;:&quot;no&quot;,&quot;_ob_poopart_use&quot;:&quot;yes&quot;,&quot;_ob_shadough_use&quot;:&quot;no&quot;,&quot;_ob_allow_hoveranimator&quot;:&quot;no&quot;,&quot;_ob_widget_stalker_use&quot;:&quot;no&quot;}\" data-widget_type=\"image.default\">\n\t\t\t\t<div class=\"elementor-widget-container\">\n\t\t\t\t\t\t\t\t\t\t\t\t\t\t\t<img fetchpriority=\"high\" decoding=\"async\" width=\"1024\" height=\"683\" src=\"https:\/\/klettwl.ca\/wp-content\/uploads\/2022\/07\/shutterstock_1730953822-1024x683.jpg\" class=\"attachment-large size-large wp-image-56540\" alt=\"\" srcset=\"https:\/\/klettwl.ca\/wp-content\/uploads\/2022\/07\/shutterstock_1730953822-1024x683.jpg 1024w, https:\/\/klettwl.ca\/wp-content\/uploads\/2022\/07\/shutterstock_1730953822-300x200.jpg 300w, https:\/\/klettwl.ca\/wp-content\/uploads\/2022\/07\/shutterstock_1730953822-768x512.jpg 768w, https:\/\/klettwl.ca\/wp-content\/uploads\/2022\/07\/shutterstock_1730953822-1536x1025.jpg 1536w, https:\/\/klettwl.ca\/wp-content\/uploads\/2022\/07\/shutterstock_1730953822.jpg 1908w\" sizes=\"(max-width: 1024px) 100vw, 1024px\" \/>\t\t\t\t\t\t\t\t\t\t\t\t\t\t\t<\/div>\n\t\t\t\t<\/div>\n\t\t\t\t\t<\/div>\n\t\t<\/div>\n\t\t\t\t\t<\/div>\n\t\t<\/section>\n\t\t\t\t<section class=\"ob-is-breaking-bad elementor-section elementor-top-section elementor-element elementor-element-e9bd582 elementor-section-boxed elementor-section-height-default elementor-section-height-default qodef-elementor-content-no\" data-id=\"e9bd582\" data-element_type=\"section\" data-e-type=\"section\" data-settings=\"{&quot;_ob_bbad_use_it&quot;:&quot;yes&quot;,&quot;_ob_bbad_sssic_use&quot;:&quot;no&quot;,&quot;_ob_glider_is_slider&quot;:&quot;no&quot;}\">\n\t\t\t\t\t\t<div class=\"elementor-container elementor-column-gap-default\">\n\t\t\t\t\t<div class=\"elementor-column elementor-col-100 elementor-top-column elementor-element elementor-element-5fd3ca8\" data-id=\"5fd3ca8\" data-element_type=\"column\" data-e-type=\"column\" data-settings=\"{&quot;_ob_bbad_is_stalker&quot;:&quot;no&quot;,&quot;_ob_teleporter_use&quot;:false,&quot;_ob_column_hoveranimator&quot;:&quot;no&quot;,&quot;_ob_column_has_pseudo&quot;:&quot;no&quot;}\">\n\t\t\t<div class=\"elementor-widget-wrap elementor-element-populated\">\n\t\t\t\t\t\t<div class=\"elementor-element elementor-element-a71e302 ob-harakiri-inherit ob-has-background-overlay elementor-widget elementor-widget-heading\" data-id=\"a71e302\" data-element_type=\"widget\" data-e-type=\"widget\" data-settings=\"{&quot;_ob_use_harakiri&quot;:&quot;yes&quot;,&quot;_ob_harakiri_writing_mode&quot;:&quot;inherit&quot;,&quot;_ob_harakiri_text_clip&quot;:&quot;none&quot;,&quot;_ob_perspektive_use&quot;:&quot;no&quot;,&quot;_ob_poopart_use&quot;:&quot;yes&quot;,&quot;_ob_shadough_use&quot;:&quot;no&quot;,&quot;_ob_allow_hoveranimator&quot;:&quot;no&quot;,&quot;_ob_widget_stalker_use&quot;:&quot;no&quot;}\" data-widget_type=\"heading.default\">\n\t\t\t\t<div class=\"elementor-widget-container\">\n\t\t\t\t\t<h2 class=\"elementor-heading-title elementor-size-default\">Pourquoi rejoindre Klett World Languages Canada ?<\/h2>\t\t\t\t<\/div>\n\t\t\t\t<\/div>\n\t\t\t\t<div class=\"elementor-element elementor-element-e082363 ob-harakiri-inherit ob-has-background-overlay elementor-widget elementor-widget-text-editor\" data-id=\"e082363\" data-element_type=\"widget\" data-e-type=\"widget\" data-settings=\"{&quot;_ob_use_harakiri&quot;:&quot;yes&quot;,&quot;_ob_harakiri_writing_mode&quot;:&quot;inherit&quot;,&quot;_ob_postman_use&quot;:&quot;no&quot;,&quot;_ob_perspektive_use&quot;:&quot;no&quot;,&quot;_ob_poopart_use&quot;:&quot;yes&quot;,&quot;_ob_shadough_use&quot;:&quot;no&quot;,&quot;_ob_allow_hoveranimator&quot;:&quot;no&quot;,&quot;_ob_widget_stalker_use&quot;:&quot;no&quot;}\" data-widget_type=\"text-editor.default\">\n\t\t\t\t<div class=\"elementor-widget-container\">\n\t\t\t\t\t\t\t\t\t<p>Klett World Languages Canada occupe une position unique : une jeune maison d\u2019\u00e9dition en pleine expansion au Canada, soutenue financi\u00e8rement par un groupe europ\u00e9en de premier plan. Gr\u00e2ce \u00e0 cette combinaison, nous avons pu repenser l\u2019apprentissage des langues pour r\u00e9pondre aux besoins actuels, en sortant des sentiers battus. Ce n\u2019est pas un hasard si nous sommes qualifi\u00e9s de v\u00e9ritables \u00ab innovateurs \u00bb dans le secteur de l\u2019\u00e9dition de langues.<\/p><p>Nous favorisons un environnement de travail international et une culture d\u2019entreprise ouverte sur le monde, offrant \u00e0 chacun l\u2019opportunit\u00e9 de grandir personnellement et professionnellement, alors que notre part de march\u00e9 conna\u00eet une croissance exponentielle \u00e0 travers le Canada. La direction accorde une grande importance \u00e0 l\u2019\u00e9quilibre entre vie professionnelle et vie priv\u00e9e, en proposant des cong\u00e9s pay\u00e9s g\u00e9n\u00e9reux, des politiques de travail \u00e0 distance, des horaires flexibles lorsque cela est possible, ainsi qu\u2019un acc\u00e8s \u00e0 la formation professionnelle r\u00e9mun\u00e9r\u00e9e.<\/p><p>Notre leadership encourage une culture de progression, de mentorat et d\u2019inclusion. Les efforts de notre \u00e9quipe sont reconnus \u00e0 travers des primes individuelles li\u00e9es aux \u00e9valuations, des r\u00e9compenses bas\u00e9es sur les r\u00e9sultats de vente, et des retraites annuelles d\u2019\u00e9quipe.<\/p><p>L\u2019\u00e9quipe de Klett World Languages Canada est anim\u00e9e par une mission forte : transformer positivement l\u2019enseignement des langues en Am\u00e9rique du Nord. Et vous \u2014 \u00eates-vous pr\u00eat(e) \u00e0 rejoindre ce changement avec nous ?<\/p>\t\t\t\t\t\t\t\t<\/div>\n\t\t\t\t<\/div>\n\t\t\t\t\t<\/div>\n\t\t<\/div>\n\t\t\t\t\t<\/div>\n\t\t<\/section>\n\t\t\t\t<section class=\"ob-is-breaking-bad elementor-section elementor-top-section elementor-element elementor-element-e1f6f71 elementor-section-boxed elementor-section-height-default elementor-section-height-default qodef-elementor-content-no\" data-id=\"e1f6f71\" data-element_type=\"section\" data-e-type=\"section\" data-settings=\"{&quot;_ob_bbad_use_it&quot;:&quot;yes&quot;,&quot;_ob_bbad_sssic_use&quot;:&quot;no&quot;,&quot;_ob_glider_is_slider&quot;:&quot;no&quot;}\">\n\t\t\t\t\t\t<div class=\"elementor-container elementor-column-gap-default\">\n\t\t\t\t\t<div class=\"elementor-column elementor-col-100 elementor-top-column elementor-element elementor-element-285943c\" data-id=\"285943c\" data-element_type=\"column\" data-e-type=\"column\" data-settings=\"{&quot;_ob_bbad_is_stalker&quot;:&quot;no&quot;,&quot;_ob_teleporter_use&quot;:false,&quot;_ob_column_hoveranimator&quot;:&quot;no&quot;,&quot;_ob_column_has_pseudo&quot;:&quot;no&quot;}\">\n\t\t\t<div class=\"elementor-widget-wrap elementor-element-populated\">\n\t\t\t\t\t\t<div class=\"elementor-element elementor-element-3ae8a17 ob-harakiri-inherit ob-has-background-overlay elementor-widget elementor-widget-heading\" data-id=\"3ae8a17\" data-element_type=\"widget\" data-e-type=\"widget\" data-settings=\"{&quot;_ob_use_harakiri&quot;:&quot;yes&quot;,&quot;_ob_harakiri_writing_mode&quot;:&quot;inherit&quot;,&quot;_ob_harakiri_text_clip&quot;:&quot;none&quot;,&quot;_ob_perspektive_use&quot;:&quot;no&quot;,&quot;_ob_poopart_use&quot;:&quot;yes&quot;,&quot;_ob_shadough_use&quot;:&quot;no&quot;,&quot;_ob_allow_hoveranimator&quot;:&quot;no&quot;,&quot;_ob_widget_stalker_use&quot;:&quot;no&quot;}\" data-widget_type=\"heading.default\">\n\t\t\t\t<div class=\"elementor-widget-container\">\n\t\t\t\t\t<h2 class=\"elementor-heading-title elementor-size-default\">Description de poste<\/h2>\t\t\t\t<\/div>\n\t\t\t\t<\/div>\n\t\t\t\t<div class=\"elementor-element elementor-element-f6cea58 ob-harakiri-inherit ob-has-background-overlay elementor-widget elementor-widget-text-editor\" data-id=\"f6cea58\" data-element_type=\"widget\" data-e-type=\"widget\" data-settings=\"{&quot;_ob_use_harakiri&quot;:&quot;yes&quot;,&quot;_ob_harakiri_writing_mode&quot;:&quot;inherit&quot;,&quot;_ob_postman_use&quot;:&quot;no&quot;,&quot;_ob_perspektive_use&quot;:&quot;no&quot;,&quot;_ob_poopart_use&quot;:&quot;yes&quot;,&quot;_ob_shadough_use&quot;:&quot;no&quot;,&quot;_ob_allow_hoveranimator&quot;:&quot;no&quot;,&quot;_ob_widget_stalker_use&quot;:&quot;no&quot;}\" data-widget_type=\"text-editor.default\">\n\t\t\t\t<div class=\"elementor-widget-container\">\n\t\t\t\t\t\t\t\t\t<h4><strong>Responsabilit\u00e9s<\/strong><\/h4><ul><li>Promouvoir les programmes d\u2019enseignement des langues \u00e0 tous les niveaux (de la maternelle \u00e0 la 12e ann\u00e9e ainsi que dans l\u2019enseignement sup\u00e9rieur) dans l\u2019Ouest et le Nord du Canada.<\/li><li>Collaborer avec l\u2019\u00e9quipe de vente et la direction pour \u00e9laborer des strat\u00e9gies commerciales.<\/li><li>Voyager pour participer \u00e0 des conf\u00e9rences et \u00e0 des pr\u00e9sentations de programmes dans le but de conclure des ventes.<\/li><li>Offrir un service client exemplaire en \u00e9tablissant des relations solides, en identifiant les probl\u00e8mes, en proposant des solutions et en formulant des recommandations \u00e0 l\u2019\u00e9quipe de direction et \u00e9ditoriale.<\/li><li>Animer des formations promotionnelles et post-vente, en pr\u00e9sentiel et en visioconf\u00e9rence.<\/li><li>Contribuer aux efforts de vente et \u00e0 la satisfaction client, notamment par la cr\u00e9ation de supports : pr\u00e9sentations PowerPoint, documents imprim\u00e9s, corr\u00e9lations avec les programmes officiels, etc.<\/li><li>Participer \u00e0 des conf\u00e9rences locales, r\u00e9gionales et nationales selon les besoins, et y donner des pr\u00e9sentations.<\/li><li>G\u00e9rer et organiser les contacts dans un syst\u00e8me de gestion de la relation client (CRM), y compris la prise de notes et le suivi des dossiers.<\/li><\/ul><h4><strong>Qualifications, connaissances et comp\u00e9tences<\/strong><\/h4><ul><li>Autorisation de travailler au Canada.<\/li><li>Minimum de deux ans d\u2019exp\u00e9rience en tant qu\u2019enseignant(e) de langue seconde.<\/li><li>Ma\u00eetrise du fran\u00e7ais et de l\u2019anglais (obligatoire), l\u2019espagnol \u00e9tant un atout.<\/li><li>Excellente connaissance du syst\u00e8me \u00e9ducatif canadien.<\/li><li>Exp\u00e9rience en tant qu\u2019enseignant(e) de langue seconde au Canada.<\/li><li>Excellentes comp\u00e9tences en communication \u00e9crite et orale en fran\u00e7ais et en anglais.<\/li><li>Capacit\u00e9 \u00e0 voyager \u00e0 l\u2019\u00e9chelle nationale et internationale, y compris certains week-ends.<\/li><\/ul><h4><strong>Exigences physiques<\/strong><\/h4><ul><li>Capacit\u00e9 \u00e0 soulever des bo\u00eetes jusqu\u2019\u00e0 30 livres (13,6 kg) et \u00e0 les d\u00e9placer \u00e0 l\u2019aide d\u2019un chariot ou diable.<\/li><li>Capacit\u00e9 \u00e0 rester debout pendant de longues p\u00e9riodes lors de conf\u00e9rences.<\/li><li>Capacit\u00e9 \u00e0 emballer du mat\u00e9riel et des bo\u00eetes de mani\u00e8re organis\u00e9e.<\/li><\/ul><div><h4 style=\"background-color: #ffffff; letter-spacing: normal;\"><strong>Avantages<\/strong><\/h4><ul><li>Assurance maladie.<\/li><li>Vacances et cong\u00e9s pay\u00e9s les jours f\u00e9ri\u00e9s l\u00e9gaux.<\/li><li>R\u00e9gime d\u2019\u00e9pargne-retraite (REER) avec contribution de l\u2019employeur.<\/li><li>Budget allou\u00e9 au d\u00e9veloppement professionnel.<\/li><li>Possibilit\u00e9 de voyager au Canada et \u00e0 l\u2019\u00e9tranger.<\/li><li>T\u00e9l\u00e9travail avec horaires flexibles dans un environnement respectueux de l\u2019\u00e9quilibre travail-vie personnelle. Le t\u00e9l\u00e9travail pourra \u00e9voluer vers un mod\u00e8le hybride lorsque l\u2019entreprise ouvrira un bureau \u00e0 Calgary.<\/li><\/ul><p>Pour postuler, veuillez envoyer votre lettre de motivation et votre CV \u00e0 l\u2019adresse suivante : <strong>jobs@klettwl.com<\/strong>.<br \/>Seules les candidatures accompagn\u00e9es d\u2019une lettre de motivation seront prises en compte.<\/p><p>Nous sommes un employeur souscrivant au principe d\u2019\u00e9galit\u00e9 d\u2019acc\u00e8s \u00e0 l\u2019emploi. Toutes les candidatures qualifi\u00e9es seront examin\u00e9es sans distinction de race, couleur, religion, sexe, identit\u00e9 de genre, orientation sexuelle, origine nationale, handicap, \u00e2ge ou statut de v\u00e9t\u00e9ran prot\u00e9g\u00e9.<\/p><\/div>\t\t\t\t\t\t\t\t<\/div>\n\t\t\t\t<\/div>\n\t\t\t\t\t<\/div>\n\t\t<\/div>\n\t\t\t\t\t<\/div>\n\t\t<\/section>\n\t\t\t\t<\/div>\n\t\t","protected":false},"excerpt":{"rendered":"<p>Accueil \/ Carri\u00e8res chez KWL \/ Conseiller(\u00e8re) commercial(e) (bilingue anglais \/ fran\u00e7ais) Conseiller(\u00e8re) commercial(e) (bilingue anglais \/ fran\u00e7ais) Salaire:\u00a0CAD 75-85,000\u00a0 \u00a0 Prime: jusqu\u2019\u00e0 10 000 CAD (selon les r\u00e9sultats de vente et la performance de l\u2019employ\u00e9)Lieu: r\u00e9gion de Vancouver, Edmonton, Calgary\u00a0 Horaire:\u00a0temps plein \u00c0 propos de nous Klett World Languages Canada est une maison d\u2019\u00e9dition [&hellip;]<\/p>\n","protected":false},"author":15,"featured_media":0,"parent":59961,"menu_order":0,"comment_status":"closed","ping_status":"closed","template":"page-full-width.php","meta":{"footnotes":""},"class_list":["post-63076","page","type-page","status-publish","hentry"],"_links":{"self":[{"href":"https:\/\/klettwl.ca\/fr\/wp-json\/wp\/v2\/pages\/63076","targetHints":{"allow":["GET"]}}],"collection":[{"href":"https:\/\/klettwl.ca\/fr\/wp-json\/wp\/v2\/pages"}],"about":[{"href":"https:\/\/klettwl.ca\/fr\/wp-json\/wp\/v2\/types\/page"}],"author":[{"embeddable":true,"href":"https:\/\/klettwl.ca\/fr\/wp-json\/wp\/v2\/users\/15"}],"replies":[{"embeddable":true,"href":"https:\/\/klettwl.ca\/fr\/wp-json\/wp\/v2\/comments?post=63076"}],"version-history":[{"count":20,"href":"https:\/\/klettwl.ca\/fr\/wp-json\/wp\/v2\/pages\/63076\/revisions"}],"predecessor-version":[{"id":63122,"href":"https:\/\/klettwl.ca\/fr\/wp-json\/wp\/v2\/pages\/63076\/revisions\/63122"}],"up":[{"embeddable":true,"href":"https:\/\/klettwl.ca\/fr\/wp-json\/wp\/v2\/pages\/59961"}],"wp:attachment":[{"href":"https:\/\/klettwl.ca\/fr\/wp-json\/wp\/v2\/media?parent=63076"}],"curies":[{"name":"wp","href":"https:\/\/api.w.org\/{rel}","templated":true}]}}